{"id":6316,"date":"2021-05-16T13:52:44","date_gmt":"2021-05-16T11:52:44","guid":{"rendered":"https:\/\/www.tchausen.ch\/wordpress\/?page_id=6316"},"modified":"2023-08-05T14:11:56","modified_gmt":"2023-08-05T12:11:56","slug":"clubhaus_alt","status":"publish","type":"page","link":"https:\/\/www.tchausen.ch\/wordpress\/clubhaus_alt\/","title":{"rendered":"Club-Life alt"},"content":{"rendered":"\t\t<div data-elementor-type=\"wp-page\" data-elementor-id=\"6316\" class=\"elementor elementor-6316\">\n\t\t\t\t\t\t<section class=\"elementor-section elementor-top-section elementor-element elementor-element-37a26fb elementor-section-boxed elementor-section-height-default elementor-section-height-default\" data-id=\"37a26fb\" data-element_type=\"section\" data-e-type=\"section\">\n\t\t\t\t\t\t<div class=\"elementor-container elementor-column-gap-default\">\n\t\t\t\t\t<div class=\"elementor-column elementor-col-100 elementor-top-column elementor-element elementor-element-ddfb5ae\" data-id=\"ddfb5ae\" data-element_type=\"column\" data-e-type=\"column\">\n\t\t\t<div class=\"elementor-widget-wrap elementor-element-populated\">\n\t\t\t\t\t\t<div class=\"elementor-element elementor-element-41e2bcb elementor-arrows-position-inside elementor-pagination-position-outside elementor-widget elementor-widget-image-carousel\" data-id=\"41e2bcb\" data-element_type=\"widget\" data-e-type=\"widget\" data-settings=\"{&quot;slides_to_show&quot;:&quot;2&quot;,&quot;navigation&quot;:&quot;both&quot;,&quot;autoplay&quot;:&quot;yes&quot;,&quot;pause_on_hover&quot;:&quot;yes&quot;,&quot;pause_on_interaction&quot;:&quot;yes&quot;,&quot;autoplay_speed&quot;:5000,&quot;infinite&quot;:&quot;yes&quot;,&quot;speed&quot;:500}\" data-widget_type=\"image-carousel.default\">\n\t\t\t\t<div class=\"elementor-widget-container\">\n\t\t\t\t\t\t\t<div class=\"elementor-image-carousel-wrapper swiper\" role=\"region\" aria-roledescription=\"carousel\" aria-label=\"Bild Karussell\" dir=\"ltr\">\n\t\t\t<div class=\"elementor-image-carousel swiper-wrapper\" aria-live=\"off\">\n\t\t\t\t\t\t\t\t<div class=\"swiper-slide\" role=\"group\" aria-roledescription=\"slide\" aria-label=\"1 von 4\"><figure class=\"swiper-slide-inner\"><img decoding=\"async\" class=\"swiper-slide-image\" src=\"https:\/\/www.tchausen.ch\/wordpress\/wp-content\/uploads\/2022\/04\/TCH-Clubhaus-300x225.jpg\" alt=\"TCH Clubhaus\" \/><\/figure><\/div><div class=\"swiper-slide\" role=\"group\" aria-roledescription=\"slide\" aria-label=\"2 von 4\"><figure class=\"swiper-slide-inner\"><img decoding=\"async\" class=\"swiper-slide-image\" src=\"https:\/\/www.tchausen.ch\/wordpress\/wp-content\/uploads\/2022\/04\/TCH-Clubhaus-2-300x225.jpg\" alt=\"TCH Clubhaus-2\" \/><\/figure><\/div><div class=\"swiper-slide\" role=\"group\" aria-roledescription=\"slide\" aria-label=\"3 von 4\"><figure class=\"swiper-slide-inner\"><img decoding=\"async\" class=\"swiper-slide-image\" src=\"https:\/\/www.tchausen.ch\/wordpress\/wp-content\/uploads\/2022\/04\/TCH-Clubhaus-3-300x225.jpg\" alt=\"TCH Clubhaus-3\" \/><\/figure><\/div><div class=\"swiper-slide\" role=\"group\" aria-roledescription=\"slide\" aria-label=\"4 von 4\"><figure class=\"swiper-slide-inner\"><img decoding=\"async\" class=\"swiper-slide-image\" src=\"https:\/\/www.tchausen.ch\/wordpress\/wp-content\/uploads\/2022\/04\/TCH-Clubhaus-4-300x225.jpg\" alt=\"TCH Clubhaus-4\" \/><\/figure><\/div>\t\t\t<\/div>\n\t\t\t\t\t\t\t\t\t\t\t\t<div class=\"elementor-swiper-button elementor-swiper-button-prev\" role=\"button\" tabindex=\"0\">\n\t\t\t\t\t\t<i aria-hidden=\"true\" class=\"eicon-chevron-left\"><\/i>\t\t\t\t\t<\/div>\n\t\t\t\t\t<div class=\"elementor-swiper-button elementor-swiper-button-next\" role=\"button\" tabindex=\"0\">\n\t\t\t\t\t\t<i aria-hidden=\"true\" class=\"eicon-chevron-right\"><\/i>\t\t\t\t\t<\/div>\n\t\t\t\t\n\t\t\t\t\t\t\t\t\t<div class=\"swiper-pagination\"><\/div>\n\t\t\t\t\t\t\t\t\t<\/div>\n\t\t\t\t\t\t<\/div>\n\t\t\t\t<\/div>\n\t\t\t\t\t<\/div>\n\t\t<\/div>\n\t\t\t\t\t<\/div>\n\t\t<\/section>\n\t\t\t\t<section class=\"elementor-section elementor-top-section elementor-element elementor-element-56d6c3d6 elementor-section-boxed elementor-section-height-default elementor-section-height-default\" data-id=\"56d6c3d6\" data-element_type=\"section\" data-e-type=\"section\">\n\t\t\t\t\t\t<div class=\"elementor-container elementor-column-gap-default\">\n\t\t\t\t\t<div class=\"elementor-column elementor-col-100 elementor-top-column elementor-element elementor-element-66d27a7a\" data-id=\"66d27a7a\" data-element_type=\"column\" data-e-type=\"column\">\n\t\t\t<div class=\"elementor-widget-wrap elementor-element-populated\">\n\t\t\t\t\t\t<div class=\"elementor-element elementor-element-423bebd5 elementor-widget elementor-widget-text-editor\" data-id=\"423bebd5\" data-element_type=\"widget\" data-e-type=\"widget\" data-widget_type=\"text-editor.default\">\n\t\t\t\t<div class=\"elementor-widget-container\">\n\t\t\t\t\t\t\t\t\t\n<p class=\"has-medium-font-size\">Unser Clubhaus verf\u00fcgt \u00fcber einen grossen Raum, eine voll funktionsf\u00e4hige K\u00fcche, Garderoben mit Duschen sowie WC.<\/p>\n<p>Die Vermietung des Clubhauses ist nur an Mitglieder ausserhalb der Saison m\u00f6glich. Anfragen sind an unseren <a href=\"mailto:luca@tchausen.ch\">Anlagechef<\/a> zu richten.<\/p>\n\n<div class=\"wp-block-booking-booking\">\u00a0<\/div>\n\t\t\t\t\t\t\t\t<\/div>\n\t\t\t\t<\/div>\n\t\t\t\t\t<\/div>\n\t\t<\/div>\n\t\t\t\t\t<\/div>\n\t\t<\/section>\n\t\t\t\t<\/div>\n\t\t","protected":false},"excerpt":{"rendered":"<p>Previous image Next image Unser Clubhaus verf\u00fcgt \u00fcber einen grossen Raum, eine voll funktionsf\u00e4hige K\u00fcche, Garderoben mit Duschen sowie WC. Die Vermietung des Clubhauses ist nur an Mitglieder ausserhalb der [&hellip;]<\/p>\n","protected":false},"author":1,"featured_media":0,"parent":0,"menu_order":0,"comment_status":"closed","ping_status":"closed","template":"","meta":{"content-type":"","ocean_post_layout":"","ocean_both_sidebars_style":"","ocean_both_sidebars_content_width":0,"ocean_both_sidebars_sidebars_width":0,"ocean_sidebar":"0","ocean_second_sidebar":"0","ocean_disable_margins":"enable","ocean_add_body_class":"","ocean_shortcode_before_top_bar":"","ocean_shortcode_after_top_bar":"","ocean_shortcode_before_header":"","ocean_shortcode_after_header":"","ocean_has_shortcode":"","ocean_shortcode_after_title":"","ocean_shortcode_before_footer_widgets":"","ocean_shortcode_after_footer_widgets":"","ocean_shortcode_before_footer_bottom":"","ocean_shortcode_after_footer_bottom":"","ocean_display_top_bar":"default","ocean_display_header":"default","ocean_header_style":"","ocean_center_header_left_menu":"0","ocean_custom_header_template":"0","ocean_custom_logo":0,"ocean_custom_retina_logo":0,"ocean_custom_logo_max_width":0,"ocean_custom_logo_tablet_max_width":0,"ocean_custom_logo_mobile_max_width":0,"ocean_custom_logo_max_height":0,"ocean_custom_logo_tablet_max_height":0,"ocean_custom_logo_mobile_max_height":0,"ocean_header_custom_menu":"0","ocean_menu_typo_font_family":"0","ocean_menu_typo_font_subset":"","ocean_menu_typo_font_size":0,"ocean_menu_typo_font_size_tablet":0,"ocean_menu_typo_font_size_mobile":0,"ocean_menu_typo_font_size_unit":"px","ocean_menu_typo_font_weight":"","ocean_menu_typo_font_weight_tablet":"","ocean_menu_typo_font_weight_mobile":"","ocean_menu_typo_transform":"","ocean_menu_typo_transform_tablet":"","ocean_menu_typo_transform_mobile":"","ocean_menu_typo_line_height":0,"ocean_menu_typo_line_height_tablet":0,"ocean_menu_typo_line_height_mobile":0,"ocean_menu_typo_line_height_unit":"","ocean_menu_typo_spacing":0,"ocean_menu_typo_spacing_tablet":0,"ocean_menu_typo_spacing_mobile":0,"ocean_menu_typo_spacing_unit":"","ocean_menu_link_color":"","ocean_menu_link_color_hover":"","ocean_menu_link_color_active":"","ocean_menu_link_background":"","ocean_menu_link_hover_background":"","ocean_menu_link_active_background":"","ocean_menu_social_links_bg":"","ocean_menu_social_hover_links_bg":"","ocean_menu_social_links_color":"","ocean_menu_social_hover_links_color":"","ocean_disable_title":"default","ocean_disable_heading":"default","ocean_post_title":"Clubhaus","ocean_post_subheading":"","ocean_post_title_style":"","ocean_post_title_background_color":"","ocean_post_title_background":0,"ocean_post_title_bg_image_position":"","ocean_post_title_bg_image_attachment":"","ocean_post_title_bg_image_repeat":"","ocean_post_title_bg_image_size":"","ocean_post_title_height":0,"ocean_post_title_bg_overlay":0.5,"ocean_post_title_bg_overlay_color":"","ocean_disable_breadcrumbs":"default","ocean_breadcrumbs_color":"","ocean_breadcrumbs_separator_color":"","ocean_breadcrumbs_links_color":"","ocean_breadcrumbs_links_hover_color":"","ocean_display_footer_widgets":"default","ocean_display_footer_bottom":"default","ocean_custom_footer_template":"0","osh_disable_topbar_sticky":"default","osh_disable_header_sticky":"default","osh_sticky_header_style":"default","osh_sticky_header_effect":"","osh_custom_sticky_logo":0,"osh_custom_retina_sticky_logo":0,"osh_custom_sticky_logo_height":0,"osh_background_color":"","osh_links_color":"","osh_links_hover_color":"","osh_links_active_color":"","osh_links_bg_color":"","osh_links_hover_bg_color":"","osh_links_active_bg_color":"","osh_menu_social_links_color":"","osh_menu_social_hover_links_color":"","footnotes":""},"class_list":["post-6316","page","type-page","status-publish","hentry","entry"],"yoast_head":"<!-- This site is optimized with the Yoast SEO plugin v27.5 - https:\/\/yoast.com\/product\/yoast-seo-wordpress\/ -->\n<title>Club-Life alt - Tennisclub Hausen am Albis<\/title>\n<meta name=\"robots\" content=\"index, follow, max-snippet:-1, max-image-preview:large, max-video-preview:-1\" \/>\n<link rel=\"canonical\" href=\"https:\/\/www.tchausen.ch\/wordpress\/clubhaus_alt\/\" \/>\n<meta property=\"og:locale\" content=\"de_DE\" \/>\n<meta property=\"og:type\" content=\"article\" \/>\n<meta property=\"og:title\" content=\"Club-Life alt - Tennisclub Hausen am Albis\" \/>\n<meta property=\"og:description\" content=\"Previous image Next image Unser Clubhaus verf\u00fcgt \u00fcber einen grossen Raum, eine voll funktionsf\u00e4hige K\u00fcche, Garderoben mit Duschen sowie WC. Die Vermietung des Clubhauses ist nur an Mitglieder ausserhalb der [&hellip;]\" \/>\n<meta property=\"og:url\" content=\"https:\/\/www.tchausen.ch\/wordpress\/clubhaus_alt\/\" \/>\n<meta property=\"og:site_name\" content=\"Tennisclub Hausen am Albis\" \/>\n<meta property=\"article:modified_time\" content=\"2023-08-05T12:11:56+00:00\" \/>\n<meta property=\"og:image\" content=\"https:\/\/www.tchausen.ch\/wordpress\/wp-content\/uploads\/2022\/04\/TCH-Clubhaus-300x225.jpg\" \/>\n<meta name=\"twitter:card\" content=\"summary_large_image\" \/>\n<script type=\"application\/ld+json\" class=\"yoast-schema-graph\">{\"@context\":\"https:\\\/\\\/schema.org\",\"@graph\":[{\"@type\":\"WebPage\",\"@id\":\"https:\\\/\\\/www.tchausen.ch\\\/wordpress\\\/clubhaus_alt\\\/\",\"url\":\"https:\\\/\\\/www.tchausen.ch\\\/wordpress\\\/clubhaus_alt\\\/\",\"name\":\"Club-Life alt - Tennisclub Hausen am Albis\",\"isPartOf\":{\"@id\":\"https:\\\/\\\/www.tchausen.ch\\\/wordpress\\\/#website\"},\"primaryImageOfPage\":{\"@id\":\"https:\\\/\\\/www.tchausen.ch\\\/wordpress\\\/clubhaus_alt\\\/#primaryimage\"},\"image\":{\"@id\":\"https:\\\/\\\/www.tchausen.ch\\\/wordpress\\\/clubhaus_alt\\\/#primaryimage\"},\"thumbnailUrl\":\"https:\\\/\\\/www.tchausen.ch\\\/wordpress\\\/wp-content\\\/uploads\\\/2022\\\/04\\\/TCH-Clubhaus-300x225.jpg\",\"datePublished\":\"2021-05-16T11:52:44+00:00\",\"dateModified\":\"2023-08-05T12:11:56+00:00\",\"breadcrumb\":{\"@id\":\"https:\\\/\\\/www.tchausen.ch\\\/wordpress\\\/clubhaus_alt\\\/#breadcrumb\"},\"inLanguage\":\"de\",\"potentialAction\":[{\"@type\":\"ReadAction\",\"target\":[\"https:\\\/\\\/www.tchausen.ch\\\/wordpress\\\/clubhaus_alt\\\/\"]}]},{\"@type\":\"ImageObject\",\"inLanguage\":\"de\",\"@id\":\"https:\\\/\\\/www.tchausen.ch\\\/wordpress\\\/clubhaus_alt\\\/#primaryimage\",\"url\":\"https:\\\/\\\/www.tchausen.ch\\\/wordpress\\\/wp-content\\\/uploads\\\/2022\\\/04\\\/TCH-Clubhaus.jpg\",\"contentUrl\":\"https:\\\/\\\/www.tchausen.ch\\\/wordpress\\\/wp-content\\\/uploads\\\/2022\\\/04\\\/TCH-Clubhaus.jpg\",\"width\":1200,\"height\":900},{\"@type\":\"BreadcrumbList\",\"@id\":\"https:\\\/\\\/www.tchausen.ch\\\/wordpress\\\/clubhaus_alt\\\/#breadcrumb\",\"itemListElement\":[{\"@type\":\"ListItem\",\"position\":1,\"name\":\"Startseite\",\"item\":\"https:\\\/\\\/www.tchausen.ch\\\/wordpress\\\/\"},{\"@type\":\"ListItem\",\"position\":2,\"name\":\"Club-Life alt\"}]},{\"@type\":\"WebSite\",\"@id\":\"https:\\\/\\\/www.tchausen.ch\\\/wordpress\\\/#website\",\"url\":\"https:\\\/\\\/www.tchausen.ch\\\/wordpress\\\/\",\"name\":\"Tennisclub Hausen am Albis\",\"description\":\"\",\"publisher\":{\"@id\":\"https:\\\/\\\/www.tchausen.ch\\\/wordpress\\\/#organization\"},\"potentialAction\":[{\"@type\":\"SearchAction\",\"target\":{\"@type\":\"EntryPoint\",\"urlTemplate\":\"https:\\\/\\\/www.tchausen.ch\\\/wordpress\\\/?s={search_term_string}\"},\"query-input\":{\"@type\":\"PropertyValueSpecification\",\"valueRequired\":true,\"valueName\":\"search_term_string\"}}],\"inLanguage\":\"de\"},{\"@type\":\"Organization\",\"@id\":\"https:\\\/\\\/www.tchausen.ch\\\/wordpress\\\/#organization\",\"name\":\"Tennisclub Hausen am Albis\",\"url\":\"https:\\\/\\\/www.tchausen.ch\\\/wordpress\\\/\",\"logo\":{\"@type\":\"ImageObject\",\"inLanguage\":\"de\",\"@id\":\"https:\\\/\\\/www.tchausen.ch\\\/wordpress\\\/#\\\/schema\\\/logo\\\/image\\\/\",\"url\":\"https:\\\/\\\/www.tchausen.ch\\\/wordpress\\\/wp-content\\\/uploads\\\/2021\\\/03\\\/cropped-TCH_Logo2021_240x88_RGB.jpg\",\"contentUrl\":\"https:\\\/\\\/www.tchausen.ch\\\/wordpress\\\/wp-content\\\/uploads\\\/2021\\\/03\\\/cropped-TCH_Logo2021_240x88_RGB.jpg\",\"width\":681,\"height\":251,\"caption\":\"Tennisclub Hausen am Albis\"},\"image\":{\"@id\":\"https:\\\/\\\/www.tchausen.ch\\\/wordpress\\\/#\\\/schema\\\/logo\\\/image\\\/\"},\"sameAs\":[\"https:\\\/\\\/www.instagram.com\\\/tennisclub_hausen_am_albis\\\/\"]}]}<\/script>\n<!-- \/ Yoast SEO plugin. -->","yoast_head_json":{"title":"Club-Life alt - Tennisclub Hausen am Albis","robots":{"index":"index","follow":"follow","max-snippet":"max-snippet:-1","max-image-preview":"max-image-preview:large","max-video-preview":"max-video-preview:-1"},"canonical":"https:\/\/www.tchausen.ch\/wordpress\/clubhaus_alt\/","og_locale":"de_DE","og_type":"article","og_title":"Club-Life alt - Tennisclub Hausen am Albis","og_description":"Previous image Next image Unser Clubhaus verf\u00fcgt \u00fcber einen grossen Raum, eine voll funktionsf\u00e4hige K\u00fcche, Garderoben mit Duschen sowie WC. Die Vermietung des Clubhauses ist nur an Mitglieder ausserhalb der [&hellip;]","og_url":"https:\/\/www.tchausen.ch\/wordpress\/clubhaus_alt\/","og_site_name":"Tennisclub Hausen am Albis","article_modified_time":"2023-08-05T12:11:56+00:00","og_image":[{"url":"https:\/\/www.tchausen.ch\/wordpress\/wp-content\/uploads\/2022\/04\/TCH-Clubhaus-300x225.jpg","type":"","width":"","height":""}],"twitter_card":"summary_large_image","schema":{"@context":"https:\/\/schema.org","@graph":[{"@type":"WebPage","@id":"https:\/\/www.tchausen.ch\/wordpress\/clubhaus_alt\/","url":"https:\/\/www.tchausen.ch\/wordpress\/clubhaus_alt\/","name":"Club-Life alt - Tennisclub Hausen am Albis","isPartOf":{"@id":"https:\/\/www.tchausen.ch\/wordpress\/#website"},"primaryImageOfPage":{"@id":"https:\/\/www.tchausen.ch\/wordpress\/clubhaus_alt\/#primaryimage"},"image":{"@id":"https:\/\/www.tchausen.ch\/wordpress\/clubhaus_alt\/#primaryimage"},"thumbnailUrl":"https:\/\/www.tchausen.ch\/wordpress\/wp-content\/uploads\/2022\/04\/TCH-Clubhaus-300x225.jpg","datePublished":"2021-05-16T11:52:44+00:00","dateModified":"2023-08-05T12:11:56+00:00","breadcrumb":{"@id":"https:\/\/www.tchausen.ch\/wordpress\/clubhaus_alt\/#breadcrumb"},"inLanguage":"de","potentialAction":[{"@type":"ReadAction","target":["https:\/\/www.tchausen.ch\/wordpress\/clubhaus_alt\/"]}]},{"@type":"ImageObject","inLanguage":"de","@id":"https:\/\/www.tchausen.ch\/wordpress\/clubhaus_alt\/#primaryimage","url":"https:\/\/www.tchausen.ch\/wordpress\/wp-content\/uploads\/2022\/04\/TCH-Clubhaus.jpg","contentUrl":"https:\/\/www.tchausen.ch\/wordpress\/wp-content\/uploads\/2022\/04\/TCH-Clubhaus.jpg","width":1200,"height":900},{"@type":"BreadcrumbList","@id":"https:\/\/www.tchausen.ch\/wordpress\/clubhaus_alt\/#breadcrumb","itemListElement":[{"@type":"ListItem","position":1,"name":"Startseite","item":"https:\/\/www.tchausen.ch\/wordpress\/"},{"@type":"ListItem","position":2,"name":"Club-Life alt"}]},{"@type":"WebSite","@id":"https:\/\/www.tchausen.ch\/wordpress\/#website","url":"https:\/\/www.tchausen.ch\/wordpress\/","name":"Tennisclub Hausen am Albis","description":"","publisher":{"@id":"https:\/\/www.tchausen.ch\/wordpress\/#organization"},"potentialAction":[{"@type":"SearchAction","target":{"@type":"EntryPoint","urlTemplate":"https:\/\/www.tchausen.ch\/wordpress\/?s={search_term_string}"},"query-input":{"@type":"PropertyValueSpecification","valueRequired":true,"valueName":"search_term_string"}}],"inLanguage":"de"},{"@type":"Organization","@id":"https:\/\/www.tchausen.ch\/wordpress\/#organization","name":"Tennisclub Hausen am Albis","url":"https:\/\/www.tchausen.ch\/wordpress\/","logo":{"@type":"ImageObject","inLanguage":"de","@id":"https:\/\/www.tchausen.ch\/wordpress\/#\/schema\/logo\/image\/","url":"https:\/\/www.tchausen.ch\/wordpress\/wp-content\/uploads\/2021\/03\/cropped-TCH_Logo2021_240x88_RGB.jpg","contentUrl":"https:\/\/www.tchausen.ch\/wordpress\/wp-content\/uploads\/2021\/03\/cropped-TCH_Logo2021_240x88_RGB.jpg","width":681,"height":251,"caption":"Tennisclub Hausen am Albis"},"image":{"@id":"https:\/\/www.tchausen.ch\/wordpress\/#\/schema\/logo\/image\/"},"sameAs":["https:\/\/www.instagram.com\/tennisclub_hausen_am_albis\/"]}]}},"_links":{"self":[{"href":"https:\/\/www.tchausen.ch\/wordpress\/wp-json\/wp\/v2\/pages\/6316","targetHints":{"allow":["GET"]}}],"collection":[{"href":"https:\/\/www.tchausen.ch\/wordpress\/wp-json\/wp\/v2\/pages"}],"about":[{"href":"https:\/\/www.tchausen.ch\/wordpress\/wp-json\/wp\/v2\/types\/page"}],"author":[{"embeddable":true,"href":"https:\/\/www.tchausen.ch\/wordpress\/wp-json\/wp\/v2\/users\/1"}],"replies":[{"embeddable":true,"href":"https:\/\/www.tchausen.ch\/wordpress\/wp-json\/wp\/v2\/comments?post=6316"}],"version-history":[{"count":21,"href":"https:\/\/www.tchausen.ch\/wordpress\/wp-json\/wp\/v2\/pages\/6316\/revisions"}],"predecessor-version":[{"id":12295,"href":"https:\/\/www.tchausen.ch\/wordpress\/wp-json\/wp\/v2\/pages\/6316\/revisions\/12295"}],"wp:attachment":[{"href":"https:\/\/www.tchausen.ch\/wordpress\/wp-json\/wp\/v2\/media?parent=6316"}],"curies":[{"name":"wp","href":"https:\/\/api.w.org\/{rel}","templated":true}]}}